{"id":87,"date":"2018-05-06T19:09:13","date_gmt":"2018-05-06T18:09:13","guid":{"rendered":"http:\/\/walldorf.gruene-kurpfalz-hardt.de\/?page_id=87"},"modified":"2025-07-04T09:01:29","modified_gmt":"2025-07-04T09:01:29","slug":"haushaltsreden","status":"publish","type":"page","link":"https:\/\/walldorf.gruene-hardt.de\/?page_id=87","title":{"rendered":"Antr\u00e4ge und Reden"},"content":{"rendered":"\n<h3 class=\"wp-block-heading\"><em><strong>Auswahl von Antr\u00e4gen unserer Fraktion im Gemeinderat seit Mai 2019<\/strong><\/em><\/h3>\n\n\n\n<p><a href=\"https:\/\/walldorf.gruene-hardt.de\/wp-content\/uploads\/2023\/10\/Antrag_Ueberdachte_Radabstellanlagen.pdf\" target=\"_blank\" rel=\"noopener\">Antrag Fahrradabstellanlagen Astoria Halle\/ Schulzentrum<\/a><\/p>\n\n\n\n<p><a href=\"https:\/\/walldorf.gruene-hardt.de\/wp-content\/uploads\/2022\/11\/Antrag-Hitzeaktionsplan-10.10.2022.pdf\" target=\"_blank\" rel=\"noreferrer noopener\">Erstellung Hitzeaktionsplan<\/a><\/p>\n\n\n\n<p><a href=\"https:\/\/walldorf.gruene-hardt.de\/wp-content\/uploads\/2022\/11\/Antrag-zur-kostenlosen-Bereitstellung-von-Menstruationsartikeln-10.10.2022.pdf\" target=\"_blank\" rel=\"noreferrer noopener\">Bereitstellung kostenloser Menstruationsartikel<\/a><\/p>\n\n\n\n<p><a href=\"http:\/\/walldorf.gruene-kurpfalz-hardt.de\/wp-content\/uploads\/2021\/10\/Antrag-CDU-und-Gruene-Essen-an-Walldorfer-Schulen-und-Kinderbetreuungseinrichtungen-10-2021-2.pdf\" target=\"_blank\" rel=\"noopener\">Essen an Schulen und Kinderbetreuungseinrichtungen<\/a><\/p>\n\n\n\n<p><a href=\"http:\/\/walldorf.gruene-hardt.de\/wp-content\/uploads\/2021\/09\/Antrag-Verzicht-auf-Gebuehren-fuer-Regelgruppen-in-Kindergaerten-09-21.pdf\" target=\"_blank\" rel=\"noreferrer noopener\">Kindergarten &#8211; Regelgruppen kostenfrei<\/a><\/p>\n\n\n\n<p><a href=\"https:\/\/walldorf.gruene-hardt.de\/wp-content\/uploads\/2022\/03\/Antrag-Elektroladesaeulenausbau-2021_05.pdf\" target=\"_blank\" rel=\"noreferrer noopener\">Elektrolades\u00e4ulenausbau in Walldorf<\/a><\/p>\n\n\n\n<p><a href=\"http:\/\/walldorf.gruene-hardt.de\/wp-content\/uploads\/2021\/10\/Antrag-Kostenlose-Schwimmkurse-fuer-Kinder-2021.pdf\" target=\"_blank\" rel=\"noreferrer noopener\">Kostenlose Schwimmkurse f\u00fcr Kinder<\/a><\/p>\n\n\n\n<p><a href=\"http:\/\/walldorf.gruene-hardt.de\/wp-content\/uploads\/2021\/12\/20201206_Antrag-Verkehr-Waldschule_gruen_spd.pdf\" target=\"_blank\" rel=\"noreferrer noopener\">Waldschule Neustrukturierung Verkehr<\/a><\/p>\n\n\n\n<p><a href=\"http:\/\/walldorf.gruene-hardt.de\/wp-content\/uploads\/2020\/07\/2020_06_F\u00f6rderung_Lastenrad.pdf\" target=\"_blank\" rel=\"noreferrer noopener\">F\u00f6rderung_Lastenfahrr\u00e4der.pdf<\/a><\/p>\n\n\n\n<p><a href=\"http:\/\/walldorf.gruene-hardt.de\/wp-content\/uploads\/2020\/07\/2020_06_Abwrack_2-Takter_F\u00f6rderung_E-Fzg.pdf\" target=\"_blank\" rel=\"noreferrer noopener\">Abwrackpr\u00e4mie 2-Takter F\u00f6rderung Elektrofahrzeug<\/a><\/p>\n\n\n\n<p><a href=\"http:\/\/walldorf.gruene-hardt.de\/wp-content\/uploads\/2020\/04\/2020_02_Wallboxen.pdf\" target=\"_blank\" rel=\"noreferrer noopener\">F\u00f6rderung Wallboxen<\/a><\/p>\n\n\n\n<p><a href=\"http:\/\/walldorf.gruene-hardt.de\/wp-content\/uploads\/2020\/01\/2020_01_Antrag-Umsetzung-Ergebnisse-Solarkataster-2019.pdf\" target=\"_blank\" rel=\"noreferrer noopener\">Kommunale Geb\u00e4ude Umsetzung Solarkataster<\/a><\/p>\n\n\n\n<p><a href=\"http:\/\/walldorf.gruene-hardt.de\/wp-content\/uploads\/2019\/12\/2019_11_Waldschule_Fahrradstellpl\u00e4tze.pdf\" target=\"_blank\" rel=\"noreferrer noopener\">Fahrradabstellpl\u00e4tze Waldschule<\/a><\/p>\n\n\n\n<p><a href=\"http:\/\/walldorf.gruene-hardt.de\/wp-content\/uploads\/2019\/12\/2019_11_D\u00e4mmung_naturplus.pdf\" target=\"_blank\" rel=\"noreferrer noopener\">Erh\u00f6hte F\u00f6rderung bei D\u00e4mmung mit nachhaltigen Materialien<\/a><\/p>\n\n\n\n<p><a href=\"http:\/\/walldorf.gruene-hardt.de\/wp-content\/uploads\/2019\/12\/2019_11_Sozialer_Wohnungsbau.pdf\" target=\"_blank\" rel=\"noreferrer noopener\">Sozialer Wohnungsbau St. Ilgener-\/ Kolpingstr.<\/a><\/p>\n\n\n\n<p><a href=\"http:\/\/walldorf.gruene-hardt.de\/wp-content\/uploads\/2019\/11\/2019_10_Radschnellweg-HD-Walldorf-2.pdf\" target=\"_blank\" rel=\"noreferrer noopener\">Radschnellweg HD-Walldorf<\/a><\/p>\n\n\n\n<p><a href=\"http:\/\/walldorf.gruene-hardt.de\/wp-content\/uploads\/2019\/11\/2019_10_Klimanotstand-2019.pdf\" target=\"_blank\" rel=\"noreferrer noopener\">Klimanotstand Walldorf<\/a><\/p>\n\n\n\n<p><a href=\"http:\/\/walldorf.gruene-hardt.de\/wp-content\/uploads\/2019\/11\/2019_10_Antrag-LKW-Abbiegassistenten.pdf\" target=\"_blank\" rel=\"noreferrer noopener\">Abbiegeassistenten f\u00fcr LKW<\/a><\/p>\n\n\n\n<p><a class=\"fancybox\" rel=\"gallery87\" href=\"http:\/\/walldorf.gruene-hardt.de\/wp-content\/uploads\/2019\/11\/2019_05_VRNextbike.jpg\" target=\"_blank\" rel=\"noreferrer noopener\">VRNextbike Walldorf<\/a><\/p>\n\n\n\n<h3 class=\"wp-block-heading\"><strong><em>Haushaltsreden<\/em><\/strong><\/h3>\n\n\n\n<p><a href=\"https:\/\/walldorf.gruene-hardt.de\/wp-content\/uploads\/2025\/03\/Beitrag-zum-Haushalt-2025.pdf\" target=\"_blank\" rel=\"noreferrer noopener\">Haushaltsrede 2025<\/a><\/p>\n\n\n\n<p><a href=\"https:\/\/walldorf.gruene-kurpfalz-hardt.de\/wp-content\/uploads\/2023\/03\/Haushalt-2023.pdf\" target=\"_blank\" rel=\"noopener\">Haushaltsrede 2023<\/a><\/p>\n\n\n\n<p><a href=\"http:\/\/walldorf.gruene-hardt.de\/wp-content\/uploads\/2022\/01\/HH-Rede-2022_solo.pdf\" target=\"_blank\" rel=\"noreferrer noopener\">Haushaltsrede 2022<\/a><\/p>\n\n\n\n<p><a href=\"http:\/\/walldorf.gruene-hardt.de\/wp-content\/uploads\/2021\/03\/HH-Rede-2021.pdf\" target=\"_blank\" rel=\"noreferrer noopener\">Haushaltsrede 2021<\/a><\/p>\n\n\n\n<p><a href=\"http:\/\/walldorf.gruene-kurpfalz-hardt.de\/wp-content\/uploads\/2020\/02\/Haushaltsrede-2020_compressed.pdf\" target=\"_blank\" rel=\"noopener noreferrer\">Haushaltsrede 2020<\/a><\/p>\n\n\n\n<p><a href=\"http:\/\/walldorf.gruene-hardt.de\/wp-content\/uploads\/2022\/01\/HH-Rede-2022_solo.pdf\" target=\"_blank\" rel=\"noreferrer noopener\">Haushaltsrede 2022<\/a><\/p>\n\n\n\n<p><a href=\"http:\/\/walldorf.gruene-hardt.de\/wp-content\/uploads\/2018\/12\/haushaltsrede_2017.pdf\" target=\"_blank\" rel=\"noreferrer noopener\">haushaltsrede_2017<\/a><\/p>\n\n\n\n<p><a href=\"http:\/\/walldorf.gruene-hardt.de\/wp-content\/uploads\/2018\/12\/haushaltsrede_2016.pdf\" target=\"_blank\" rel=\"noreferrer noopener\">haushaltsrede_2016<\/a><\/p>\n\n\n\n<p><a href=\"http:\/\/walldorf.gruene-hardt.de\/wp-content\/uploads\/2018\/12\/haushaltsrede_2015.pdf\" target=\"_blank\" rel=\"noreferrer noopener\">haushaltsrede_2015<\/a><\/p>\n\n\n\n<p><a href=\"http:\/\/walldorf.gruene-hardt.de\/wp-content\/uploads\/2018\/12\/haushaltsrede_2014.pdf\" target=\"_blank\" rel=\"noreferrer noopener\">haushaltsrede_2014<\/a><\/p>\n\n\n\n<p><a href=\"http:\/\/walldorf.gruene-hardt.de\/wp-content\/uploads\/2018\/12\/haushaltsrede_2013.pdf\" target=\"_blank\" rel=\"noreferrer noopener\">haushaltsrede_2013<\/a><\/p>\n\n\n\n<p><a href=\"http:\/\/walldorf.gruene-hardt.de\/wp-content\/uploads\/2018\/12\/haushaltsrede_2012.pdf\" target=\"_blank\" rel=\"noreferrer noopener\">haushaltsrede_2012<\/a><\/p>\n\n\n\n<p><a href=\"http:\/\/walldorf.gruene-hardt.de\/wp-content\/uploads\/2018\/12\/haushaltsrede_2011.pdf\" target=\"_blank\" rel=\"noreferrer noopener\">haushaltsrede_2011<\/a><\/p>\n\n\n\n<p><a href=\"http:\/\/walldorf.gruene-hardt.de\/wp-content\/uploads\/2018\/12\/haushaltsrede_2010.pdf\" target=\"_blank\" rel=\"noreferrer noopener\">haushaltsrede_2010<\/a><\/p>\n\n\n\n<p><a href=\"http:\/\/walldorf.gruene-hardt.de\/wp-content\/uploads\/2018\/12\/haushaltsrede_2009.pdf\" target=\"_blank\" rel=\"noreferrer noopener\">haushaltsrede_2009<\/a><\/p>\n\n\n\n<p><a href=\"http:\/\/walldorf.gruene-hardt.de\/wp-content\/uploads\/2018\/12\/haushaltsrede_2008.pdf\" target=\"_blank\" rel=\"noreferrer noopener\">haushaltsrede_2008<\/a><\/p>\n\n\n\n<p><a href=\"http:\/\/walldorf.gruene-hardt.de\/wp-content\/uploads\/2018\/12\/haushaltsrede_2007.pdf\" target=\"_blank\" rel=\"noreferrer noopener\">haushaltsrede_2007<\/a><\/p>\n\n\n\n<p><a href=\"http:\/\/walldorf.gruene-hardt.de\/wp-content\/uploads\/2018\/12\/haushaltsrede_2006.pdf\" target=\"_blank\" rel=\"noreferrer noopener\">haushaltsrede_2006<\/a><\/p>\n\n\n\n<p><a href=\"http:\/\/walldorf.gruene-hardt.de\/wp-content\/uploads\/2018\/12\/haushaltsrede_2005.pdf\" target=\"_blank\" rel=\"noreferrer noopener\">haushaltsrede_2005<\/a><\/p>\n\n\n\n<h3 class=\"wp-block-heading\"><em><strong>Auswahl von Antr\u00e4gen unserer Fraktion im Gemeinderat <\/strong><\/em><strong><em> bis April 2019<\/em><\/strong><\/h3>\n\n\n\n<p><a href=\"http:\/\/walldorf.gruene-hardt.de\/antrag-photovoltaikanlage-bei-neubauten\/\" target=\"_blank\" rel=\"noreferrer noopener\">Antrag: Photovoltaikanlage bei Neubauten<\/a><\/p>\n\n\n\n<p><a href=\"http:\/\/walldorf.gruene-hardt.de\/wp-content\/uploads\/2018\/12\/austausch_heizungspumpen_2010-2.pdf\" target=\"_blank\" rel=\"noreferrer noopener\">austausch_heizungspumpen_2010<\/a><\/p>\n\n\n\n<p><a href=\"http:\/\/walldorf.gruene-hardt.de\/wp-content\/uploads\/2018\/12\/antrag_vrn_nextbike-2.pdf\" target=\"_blank\" rel=\"noreferrer noopener\">antrag_vrn_nextbike<\/a><\/p>\n\n\n\n<p><a href=\"http:\/\/walldorf.gruene-hardt.de\/wp-content\/uploads\/2018\/12\/antrag_rauchfreies_walldorf-2.pdf\" target=\"_blank\" rel=\"noreferrer noopener\">antrag_rauchfreies_walldorf<\/a><\/p>\n\n\n\n<p><a href=\"http:\/\/walldorf.gruene-hardt.de\/wp-content\/uploads\/2018\/12\/antrag_landesmittel_in_anspruch_nehmen-2.pdf\" target=\"_blank\" rel=\"noreferrer noopener\">antrag_landesmittel_in_anspruch_nehmen<\/a><\/p>\n\n\n\n<p><a href=\"http:\/\/walldorf.gruene-hardt.de\/wp-content\/uploads\/2018\/12\/thermografie_2008-1.pdf\" target=\"_blank\" rel=\"noreferrer noopener\">thermografie_2008<\/a><\/p>\n\n\n\n<p><a href=\"http:\/\/walldorf.gruene-hardt.de\/wp-content\/uploads\/2018\/12\/stromversorgung_bauabschnitt_2_2014-1.pdf\" target=\"_blank\" rel=\"noreferrer noopener\">stromversorgung_bauabschnitt_2_2014<\/a><\/p>\n\n\n\n<p><a href=\"http:\/\/walldorf.gruene-hardt.de\/wp-content\/uploads\/2018\/12\/sanierung_sambugaweg_2013-1.pdf\" target=\"_blank\" rel=\"noreferrer noopener\">sanierung_sambugaweg_2013<\/a><\/p>\n\n\n\n<p><a href=\"http:\/\/walldorf.gruene-hardt.de\/wp-content\/uploads\/2018\/12\/passivhaus_standard_2008-1.pdf\" target=\"_blank\" rel=\"noreferrer noopener\">passivhaus_standard_2008<\/a><\/p>\n\n\n\n<p><a href=\"http:\/\/walldorf.gruene-hardt.de\/wp-content\/uploads\/2018\/12\/nahwaerme_2012-1.pdf\" target=\"_blank\" rel=\"noreferrer noopener\">nahwaerme_2012<\/a><\/p>\n\n\n\n<p><a href=\"http:\/\/walldorf.gruene-hardt.de\/wp-content\/uploads\/2018\/12\/haushaltsantraege_2006-1.pdf\" target=\"_blank\" rel=\"noreferrer noopener\">haushaltsantraege_2006<\/a><\/p>\n\n\n\n<p><a href=\"http:\/\/walldorf.gruene-hardt.de\/wp-content\/uploads\/2018\/12\/haushaltsantraege_2005-1.pdf\" target=\"_blank\" rel=\"noreferrer noopener\">haushaltsantraege_2005<\/a><\/p>\n\n\n\n<p><a href=\"http:\/\/walldorf.gruene-hardt.de\/wp-content\/uploads\/2018\/12\/grundsteuersenkung_2010-1.pdf\" target=\"_blank\" rel=\"noreferrer noopener\">grundsteuersenkung_2010<\/a><\/p>\n\n\n\n<p><a href=\"http:\/\/walldorf.gruene-hardt.de\/wp-content\/uploads\/2018\/12\/grauwasserantrag-1.pdf\" target=\"_blank\" rel=\"noreferrer noopener\">grauwasserantrag<\/a><\/p>\n\n\n\n<p><a href=\"http:\/\/walldorf.gruene-hardt.de\/wp-content\/uploads\/2018\/12\/generationenstiftung-1.pdf\" target=\"_blank\" rel=\"noreferrer noopener\">generationenstiftung<\/a><\/p>\n\n\n\n<p><a href=\"http:\/\/walldorf.gruene-hardt.de\/wp-content\/uploads\/2018\/12\/freies_WLAN_2013-1.pdf\" target=\"_blank\" rel=\"noreferrer noopener\">freies_WLAN_2013<\/a><\/p>\n\n\n\n<p><a href=\"http:\/\/walldorf.gruene-hardt.de\/wp-content\/uploads\/2018\/12\/energetsiche_sanierung_2013-1.pdf\" target=\"_blank\" rel=\"noreferrer noopener\">energetsiche_sanierung_2013<\/a><\/p>\n\n\n\n<p><a href=\"http:\/\/walldorf.gruene-hardt.de\/wp-content\/uploads\/2018\/12\/austausch_heizungspumpen_2010-1.pdf\" target=\"_blank\" rel=\"noreferrer noopener\">austausch_heizungspumpen_2010<\/a><\/p>\n","protected":false},"excerpt":{"rendered":"<p>Auswahl von Antr\u00e4gen unserer Fraktion im Gemeinderat seit Mai 2019 Antrag Fahrradabstellanlagen Astoria Halle\/ Schulzentrum Erstellung Hitzeaktionsplan Bereitstellung kostenloser Menstruationsartikel Essen an Schulen und Kinderbetreuungseinrichtungen Kindergarten &#8211; Regelgruppen kostenfrei Elektrolades\u00e4ulenausbau&#8230; <\/p>\n","protected":false},"author":1,"featured_media":0,"parent":0,"menu_order":4,"comment_status":"closed","ping_status":"closed","template":"","meta":{"footnotes":""},"class_list":["post-87","page","type-page","status-publish","hentry"],"_links":{"self":[{"href":"https:\/\/walldorf.gruene-hardt.de\/index.php?rest_route=\/wp\/v2\/pages\/87","targetHints":{"allow":["GET"]}}],"collection":[{"href":"https:\/\/walldorf.gruene-hardt.de\/index.php?rest_route=\/wp\/v2\/pages"}],"about":[{"href":"https:\/\/walldorf.gruene-hardt.de\/index.php?rest_route=\/wp\/v2\/types\/page"}],"author":[{"embeddable":true,"href":"https:\/\/walldorf.gruene-hardt.de\/index.php?rest_route=\/wp\/v2\/users\/1"}],"replies":[{"embeddable":true,"href":"https:\/\/walldorf.gruene-hardt.de\/index.php?rest_route=%2Fwp%2Fv2%2Fcomments&post=87"}],"version-history":[{"count":4,"href":"https:\/\/walldorf.gruene-hardt.de\/index.php?rest_route=\/wp\/v2\/pages\/87\/revisions"}],"predecessor-version":[{"id":3910,"href":"https:\/\/walldorf.gruene-hardt.de\/index.php?rest_route=\/wp\/v2\/pages\/87\/revisions\/3910"}],"wp:attachment":[{"href":"https:\/\/walldorf.gruene-hardt.de\/index.php?rest_route=%2Fwp%2Fv2%2Fmedia&parent=87"}],"curies":[{"name":"wp","href":"https:\/\/api.w.org\/{rel}","templated":true}]}}